{"id":70,"date":"2024-02-11T18:30:28","date_gmt":"2024-02-11T17:30:28","guid":{"rendered":"https:\/\/hosting2429660.online.pro\/takdlasamorzadu\/?page_id=70"},"modified":"2025-05-28T07:48:07","modified_gmt":"2025-05-28T05:48:07","slug":"rejestr-wplat","status":"publish","type":"page","link":"https:\/\/takdlasamorzadu.pl\/?page_id=70","title":{"rendered":"Rejestr wp\u0142at"},"content":{"rendered":"<p class=\"has-text-align-center\" style=\"text-align: center;\"><strong>REJESTR WP\u0141AT OD OS\u00d3B FIZYCZNYCH NA RZECZ KOMITETU WYBORCZEGO KWOT O WARTO\u015aCI PRZEKRACZAJ\u0104CEJ \u0141\u0104CZNIE OD JEDNEJ OSOBY<\/strong> <strong>FIZYCZNEJ KWOT\u0118 MINIMALNEGO WYNAGRODZENIA ZA PRAC\u0118<\/strong><\/p>\n<p style=\"text-align: center;\"><a href=\"https:\/\/takdlasamorzadu.pl\/wp-content\/uploads\/2024\/06\/REJESTR-WPLAT-OD-OSOB-FIZYCZNYCH-NA-RZECZ-KOMITETU-WYBORCZEGO.pdf\">Plik do pobrania &#8211; REJESTR WP\u0141AT<\/a><\/p>\n\n","protected":false},"excerpt":{"rendered":"<p>REJESTR WP\u0141AT OD OS\u00d3B FIZYCZNYCH NA RZECZ KOMITETU WYBORCZEGO KWOT O WARTO\u015aCI PRZEKRACZAJ\u0104CEJ \u0141\u0104CZNIE OD JEDNEJ OSOBY FIZYCZNEJ KWOT\u0118 MINIMALNEGO WYNAGRODZENIA ZA PRAC\u0118 Plik do pobrania &#8211; REJESTR WP\u0141AT<\/p>\n","protected":false},"author":2,"featured_media":0,"parent":0,"menu_order":0,"comment_status":"closed","ping_status":"closed","template":"","meta":{"footnotes":""},"class_list":["post-70","page","type-page","status-publish","hentry","has-meta has-sticky-meta"],"_links":{"self":[{"href":"https:\/\/takdlasamorzadu.pl\/index.php?rest_route=\/wp\/v2\/pages\/70","targetHints":{"allow":["GET"]}}],"collection":[{"href":"https:\/\/takdlasamorzadu.pl\/index.php?rest_route=\/wp\/v2\/pages"}],"about":[{"href":"https:\/\/takdlasamorzadu.pl\/index.php?rest_route=\/wp\/v2\/types\/page"}],"author":[{"embeddable":true,"href":"https:\/\/takdlasamorzadu.pl\/index.php?rest_route=\/wp\/v2\/users\/2"}],"replies":[{"embeddable":true,"href":"https:\/\/takdlasamorzadu.pl\/index.php?rest_route=%2Fwp%2Fv2%2Fcomments&post=70"}],"version-history":[{"count":56,"href":"https:\/\/takdlasamorzadu.pl\/index.php?rest_route=\/wp\/v2\/pages\/70\/revisions"}],"predecessor-version":[{"id":310,"href":"https:\/\/takdlasamorzadu.pl\/index.php?rest_route=\/wp\/v2\/pages\/70\/revisions\/310"}],"wp:attachment":[{"href":"https:\/\/takdlasamorzadu.pl\/index.php?rest_route=%2Fwp%2Fv2%2Fmedia&parent=70"}],"curies":[{"name":"wp","href":"https:\/\/api.w.org\/{rel}","templated":true}]}}